{"id":299,"date":"2018-04-11T11:24:23","date_gmt":"2018-04-11T08:24:23","guid":{"rendered":"https:\/\/buildify.frenify.net\/1\/?page_id=299"},"modified":"2022-02-18T20:19:15","modified_gmt":"2022-02-18T17:19:15","slug":"hakkimizda","status":"publish","type":"page","link":"https:\/\/ecm.com.tr\/index.php\/hakkimizda\/","title":{"rendered":"Hakk\u0131m\u0131zda"},"content":{"rendered":"\t\t<div data-elementor-type=\"wp-post\" data-elementor-id=\"299\" class=\"elementor elementor-299\" data-elementor-settings=\"[]\">\n\t\t\t\t\t\t\t<div class=\"elementor-section-wrap\">\n\t\t\t\t\t\t\t<section class=\"elementor-section elementor-top-section elementor-element elementor-element-76878cb elementor-section-boxed elementor-section-height-default elementor-section-height-default\" data-id=\"76878cb\" data-element_type=\"section\">\n\t\t\t\t\t\t<div class=\"elementor-container elementor-column-gap-default\">\n\t\t\t\t\t<div class=\"elementor-column elementor-col-100 elementor-top-column elementor-element elementor-element-ade8616\" data-id=\"ade8616\" data-element_type=\"column\">\n\t\t\t<div class=\"elementor-widget-wrap elementor-element-populated\">\n\t\t\t\t\t\t\t\t<div class=\"elementor-element elementor-element-ab20906 elementor-invisible elementor-widget elementor-widget-heading\" data-id=\"ab20906\" data-element_type=\"widget\" data-settings=\"{&quot;_animation&quot;:&quot;slideInUp&quot;}\" data-widget_type=\"heading.default\">\n\t\t\t\t<div class=\"elementor-widget-container\">\n\t\t\t<style>\/*! elementor - v3.5.5 - 03-02-2022 *\/\n.elementor-heading-title{padding:0;margin:0;line-height:1}.elementor-widget-heading .elementor-heading-title[class*=elementor-size-]>a{color:inherit;font-size:inherit;line-height:inherit}.elementor-widget-heading .elementor-heading-title.elementor-size-small{font-size:15px}.elementor-widget-heading .elementor-heading-title.elementor-size-medium{font-size:19px}.elementor-widget-heading .elementor-heading-title.elementor-size-large{font-size:29px}.elementor-widget-heading .elementor-heading-title.elementor-size-xl{font-size:39px}.elementor-widget-heading .elementor-heading-title.elementor-size-xxl{font-size:59px}<\/style><h3 class=\"elementor-heading-title elementor-size-default\">V\u0130ZYONUMUZ<\/h3>\t\t<\/div>\n\t\t\t\t<\/div>\n\t\t\t\t<div class=\"elementor-element elementor-element-e0acce6 elementor-widget elementor-widget-text-editor\" data-id=\"e0acce6\" data-element_type=\"widget\" data-widget_type=\"text-editor.default\">\n\t\t\t\t<div class=\"elementor-widget-container\">\n\t\t\t<style>\/*! elementor - v3.5.5 - 03-02-2022 *\/\n.elementor-widget-text-editor.elementor-drop-cap-view-stacked .elementor-drop-cap{background-color:#818a91;color:#fff}.elementor-widget-text-editor.elementor-drop-cap-view-framed .elementor-drop-cap{color:#818a91;border:3px solid;background-color:transparent}.elementor-widget-text-editor:not(.elementor-drop-cap-view-default) .elementor-drop-cap{margin-top:8px}.elementor-widget-text-editor:not(.elementor-drop-cap-view-default) .elementor-drop-cap-letter{width:1em;height:1em}.elementor-widget-text-editor .elementor-drop-cap{float:left;text-align:center;line-height:1;font-size:50px}.elementor-widget-text-editor .elementor-drop-cap-letter{display:inline-block}<\/style>\t\t\t\t<p>Faaliyet g\u00f6sterdi\u011fimiz sekt\u00f6rlerde, uluslararas\u0131 kalite standartlar\u0131nda \u00fcr\u00fcn ve hizmetleri ile m\u00fc\u015fteri odakl\u0131l\u0131\u011f\u0131n\u0131 daima \u00fcst seviyede tutarak;\u00a0sayg\u0131n, g\u00fcvenilir ve tercih edilen marka olma \u00f6zelli\u011fini art\u0131rarak s\u00fcrd\u00fcrmek. Ulusal \u00f6l\u00e7ekte kazand\u0131\u011f\u0131 ba\u015far\u0131lar\u0131 uluslararas\u0131 arenaya da\u00a0ta\u015f\u0131mak ve hizmet verdi\u011fi i\u015f alanlar\u0131n\u0131n \u00f6nde gelen isimlerinden olmak.<\/p>\t\t\t\t\t\t<\/div>\n\t\t\t\t<\/div>\n\t\t\t\t\t<\/div>\n\t\t<\/div>\n\t\t\t\t\t\t\t<\/div>\n\t\t<\/section>\n\t\t\t\t<section class=\"elementor-section elementor-top-section elementor-element elementor-element-09d2c4b elementor-section-boxed elementor-section-height-default elementor-section-height-default\" data-id=\"09d2c4b\" data-element_type=\"section\">\n\t\t\t\t\t\t<div class=\"elementor-container elementor-column-gap-default\">\n\t\t\t\t\t<div class=\"elementor-column elementor-col-100 elementor-top-column elementor-element elementor-element-911e380\" data-id=\"911e380\" data-element_type=\"column\">\n\t\t\t<div class=\"elementor-widget-wrap elementor-element-populated\">\n\t\t\t\t\t\t\t\t<div class=\"elementor-element elementor-element-1c19053 elementor-invisible elementor-widget elementor-widget-heading\" data-id=\"1c19053\" data-element_type=\"widget\" data-settings=\"{&quot;_animation&quot;:&quot;slideInUp&quot;}\" data-widget_type=\"heading.default\">\n\t\t\t\t<div class=\"elementor-widget-container\">\n\t\t\t<h3 class=\"elementor-heading-title elementor-size-default\">M\u0130SYONUMUZ<\/h3>\t\t<\/div>\n\t\t\t\t<\/div>\n\t\t\t\t<div class=\"elementor-element elementor-element-bf7eb39 elementor-widget elementor-widget-text-editor\" data-id=\"bf7eb39\" data-element_type=\"widget\" data-widget_type=\"text-editor.default\">\n\t\t\t\t<div class=\"elementor-widget-container\">\n\t\t\t\t\t\t\t<p>M\u00fc\u015fterilerine do\u011fru alanda do\u011fru projeler geli\u015ftirerek, kalite politikas\u0131n\u0131n d\u0131\u015f\u0131na \u00e7\u0131kmadan hem kullan\u0131\u015fl\u0131 hem k\u00e2rl\u0131 yat\u0131r\u0131m ara\u00e7lar\u0131 olu\u015fturmak. Yapt\u0131\u011f\u0131m\u0131z projelerde\u00a0insanlar\u0131n can ve mal g\u00fcvenli\u011fini en \u00fcst d\u00fczeyde tutacak \u00f6nlemleri almak.<\/p>\t\t\t\t\t\t<\/div>\n\t\t\t\t<\/div>\n\t\t\t\t\t<\/div>\n\t\t<\/div>\n\t\t\t\t\t\t\t<\/div>\n\t\t<\/section>\n\t\t\t\t<section class=\"elementor-section elementor-top-section elementor-element elementor-element-06210f9 elementor-section-boxed elementor-section-height-default elementor-section-height-default\" data-id=\"06210f9\" data-element_type=\"section\">\n\t\t\t\t\t\t<div class=\"elementor-container elementor-column-gap-default\">\n\t\t\t\t\t<div class=\"elementor-column elementor-col-100 elementor-top-column elementor-element elementor-element-d77a259\" data-id=\"d77a259\" data-element_type=\"column\">\n\t\t\t<div class=\"elementor-widget-wrap elementor-element-populated\">\n\t\t\t\t\t\t\t\t<div class=\"elementor-element elementor-element-a74b819 elementor-invisible elementor-widget elementor-widget-heading\" data-id=\"a74b819\" data-element_type=\"widget\" data-settings=\"{&quot;_animation&quot;:&quot;slideInUp&quot;}\" data-widget_type=\"heading.default\">\n\t\t\t\t<div class=\"elementor-widget-container\">\n\t\t\t<h3 class=\"elementor-heading-title elementor-size-default\">DE\u011eERLER\u0130M\u0130Z<\/h3>\t\t<\/div>\n\t\t\t\t<\/div>\n\t\t\t\t<div class=\"elementor-element elementor-element-71d5874 elementor-widget elementor-widget-text-editor\" data-id=\"71d5874\" data-element_type=\"widget\" data-widget_type=\"text-editor.default\">\n\t\t\t\t<div class=\"elementor-widget-container\">\n\t\t\t\t\t\t\t<p>Ger\u00e7ekle\u015ftirdi\u011fimiz her aktivitenin temelinde, tan\u0131mlanm\u0131\u015f \u015firket de\u011ferlerimiz yatar. \u00dcstlendi\u011fimiz projelerde, bu de\u011ferlerin g\u00f6z ard\u0131 edilmemesi gerekti\u011fini bilir ve buna g\u00f6re \u00e7al\u0131\u015f\u0131r\u0131z. De\u011ferlerimize ba\u011fl\u0131 \u00e7al\u0131\u015ft\u0131\u011f\u0131m\u0131zda, hizmet sa\u011flad\u0131\u011f\u0131m\u0131z sekt\u00f6rde, daha fazla ba\u015far\u0131ya ula\u015faca\u011f\u0131m\u0131z\u0131 biliriz.<\/p>\t\t\t\t\t\t<\/div>\n\t\t\t\t<\/div>\n\t\t\t\t\t<\/div>\n\t\t<\/div>\n\t\t\t\t\t\t\t<\/div>\n\t\t<\/section>\n\t\t\t\t<section class=\"elementor-section elementor-top-section elementor-element elementor-element-1d89f0f elementor-section-boxed elementor-section-height-default elementor-section-height-default\" data-id=\"1d89f0f\" data-element_type=\"section\">\n\t\t\t\t\t\t<div class=\"elementor-container elementor-column-gap-default\">\n\t\t\t\t\t<div class=\"elementor-column elementor-col-100 elementor-top-column elementor-element elementor-element-a4b03d5\" data-id=\"a4b03d5\" data-element_type=\"column\">\n\t\t\t<div class=\"elementor-widget-wrap elementor-element-populated\">\n\t\t\t\t\t\t\t\t<div class=\"elementor-element elementor-element-55716f4 elementor-widget elementor-widget-heading\" data-id=\"55716f4\" data-element_type=\"widget\" data-widget_type=\"heading.default\">\n\t\t\t\t<div class=\"elementor-widget-container\">\n\t\t\t<h3 class=\"elementor-heading-title elementor-size-default\">Belgelerimiz<\/h3>\t\t<\/div>\n\t\t\t\t<\/div>\n\t\t\t\t\t<\/div>\n\t\t<\/div>\n\t\t\t\t\t\t\t<\/div>\n\t\t<\/section>\n\t\t\t\t<section class=\"elementor-section elementor-top-section elementor-element elementor-element-cd89b7c elementor-section-boxed elementor-section-height-default elementor-section-height-default\" data-id=\"cd89b7c\" data-element_type=\"section\">\n\t\t\t\t\t\t<div class=\"elementor-container elementor-column-gap-default\">\n\t\t\t\t\t<div class=\"elementor-column elementor-col-33 elementor-top-column elementor-element elementor-element-9c00065\" data-id=\"9c00065\" data-element_type=\"column\">\n\t\t\t<div class=\"elementor-widget-wrap elementor-element-populated\">\n\t\t\t\t\t\t\t\t<div class=\"elementor-element elementor-element-0a96b97 elementor-widget elementor-widget-image\" data-id=\"0a96b97\" data-element_type=\"widget\" data-widget_type=\"image.default\">\n\t\t\t\t<div class=\"elementor-widget-container\">\n\t\t\t<style>\/*! elementor - v3.5.5 - 03-02-2022 *\/\n.elementor-widget-image{text-align:center}.elementor-widget-image a{display:inline-block}.elementor-widget-image a img[src$=\".svg\"]{width:48px}.elementor-widget-image img{vertical-align:middle;display:inline-block}<\/style>\t\t\t\t\t\t\t\t\t\t\t\t<img decoding=\"async\" src=\"https:\/\/ecm.com.tr\/wp-content\/uploads\/elementor\/thumbs\/ecm-yeterlilik-pkn9c8lcsf5i3syb5ynf13fkd54kdpfb5f27dbdfuu.jpg\" title=\"ecm-yeterlilik\" alt=\"ecm-yeterlilik\" \/>\t\t\t\t\t\t\t\t\t\t\t\t\t\t\t<\/div>\n\t\t\t\t<\/div>\n\t\t\t\t\t<\/div>\n\t\t<\/div>\n\t\t\t\t<div class=\"elementor-column elementor-col-33 elementor-top-column elementor-element elementor-element-5d4f801\" data-id=\"5d4f801\" data-element_type=\"column\">\n\t\t\t<div class=\"elementor-widget-wrap elementor-element-populated\">\n\t\t\t\t\t\t\t\t<div class=\"elementor-element elementor-element-94fc467 elementor-widget elementor-widget-image\" data-id=\"94fc467\" data-element_type=\"widget\" data-widget_type=\"image.default\">\n\t\t\t\t<div class=\"elementor-widget-container\">\n\t\t\t\t\t\t\t\t\t\t\t\t\t\t\t<img decoding=\"async\" src=\"https:\/\/ecm.com.tr\/wp-content\/uploads\/elementor\/thumbs\/ecm-fgi-pkn9e57knbrfnc6n1ab6l447q9qczlzpquoneijp8m.jpg\" title=\"ecm-fgi\" alt=\"ecm-fgi\" \/>\t\t\t\t\t\t\t\t\t\t\t\t\t\t\t<\/div>\n\t\t\t\t<\/div>\n\t\t\t\t\t<\/div>\n\t\t<\/div>\n\t\t\t\t<div class=\"elementor-column elementor-col-33 elementor-top-column elementor-element elementor-element-e19f224\" data-id=\"e19f224\" data-element_type=\"column\">\n\t\t\t<div class=\"elementor-widget-wrap elementor-element-populated\">\n\t\t\t\t\t\t\t\t<div class=\"elementor-element elementor-element-e161aed elementor-widget elementor-widget-image\" data-id=\"e161aed\" data-element_type=\"widget\" data-widget_type=\"image.default\">\n\t\t\t\t<div class=\"elementor-widget-container\">\n\t\t\t\t\t\t\t\t\t\t\t\t\t\t\t<img decoding=\"async\" src=\"https:\/\/ecm.com.tr\/wp-content\/uploads\/elementor\/thumbs\/ecm-marka-tescil-pkn9ecqa601q87vptdk7527whcpap6tkfvwj8q8juu.jpg\" title=\"ecm-marka-tescil\" alt=\"ecm-marka-tescil\" \/>\t\t\t\t\t\t\t\t\t\t\t\t\t\t\t<\/div>\n\t\t\t\t<\/div>\n\t\t\t\t\t<\/div>\n\t\t<\/div>\n\t\t\t\t\t\t\t<\/div>\n\t\t<\/section>\n\t\t\t\t<section class=\"elementor-section elementor-top-section elementor-element elementor-element-25ff666 elementor-section-boxed elementor-section-height-default elementor-section-height-default\" data-id=\"25ff666\" data-element_type=\"section\">\n\t\t\t\t\t\t<div class=\"elementor-container elementor-column-gap-default\">\n\t\t\t\t\t<div class=\"elementor-column elementor-col-100 elementor-top-column elementor-element elementor-element-7d5ff2f\" data-id=\"7d5ff2f\" data-element_type=\"column\">\n\t\t\t<div class=\"elementor-widget-wrap elementor-element-populated\">\n\t\t\t\t\t\t\t\t<div class=\"elementor-element elementor-element-eab4036 elementor-widget elementor-widget-spacer\" data-id=\"eab4036\" data-element_type=\"widget\" data-widget_type=\"spacer.default\">\n\t\t\t\t<div class=\"elementor-widget-container\">\n\t\t\t\t\t<div class=\"elementor-spacer\">\n\t\t\t<div class=\"elementor-spacer-inner\"><\/div>\n\t\t<\/div>\n\t\t\t\t<\/div>\n\t\t\t\t<\/div>\n\t\t\t\t\t<\/div>\n\t\t<\/div>\n\t\t\t\t\t\t\t<\/div>\n\t\t<\/section>\n\t\t\t\t<section class=\"elementor-section elementor-top-section elementor-element elementor-element-3dea2f3 elementor-section-boxed elementor-section-height-default elementor-section-height-default\" data-id=\"3dea2f3\" data-element_type=\"section\">\n\t\t\t\t\t\t<div class=\"elementor-container elementor-column-gap-default\">\n\t\t\t\t\t<div class=\"elementor-column elementor-col-100 elementor-top-column elementor-element elementor-element-677e423\" data-id=\"677e423\" data-element_type=\"column\">\n\t\t\t<div class=\"elementor-widget-wrap elementor-element-populated\">\n\t\t\t\t\t\t\t\t<div class=\"elementor-element elementor-element-c562006 elementor-widget elementor-widget-heading\" data-id=\"c562006\" data-element_type=\"widget\" data-widget_type=\"heading.default\">\n\t\t\t\t<div class=\"elementor-widget-container\">\n\t\t\t<h3 class=\"elementor-heading-title elementor-size-default\">\u00c7\u00f6z\u00fcm Ortaklar\u0131m\u0131z<\/h3>\t\t<\/div>\n\t\t\t\t<\/div>\n\t\t\t\t\t<\/div>\n\t\t<\/div>\n\t\t\t\t\t\t\t<\/div>\n\t\t<\/section>\n\t\t\t\t<section class=\"elementor-section elementor-top-section elementor-element elementor-element-044d319 elementor-section-boxed elementor-section-height-default elementor-section-height-default\" data-id=\"044d319\" data-element_type=\"section\">\n\t\t\t\t\t\t<div class=\"elementor-container elementor-column-gap-default\">\n\t\t\t\t\t<div class=\"elementor-column elementor-col-100 elementor-top-column elementor-element elementor-element-19dfd0f\" data-id=\"19dfd0f\" data-element_type=\"column\">\n\t\t\t<div class=\"elementor-widget-wrap elementor-element-populated\">\n\t\t\t\t\t\t\t\t<div class=\"elementor-element elementor-element-54afc14 elementor-widget elementor-widget-image-gallery\" data-id=\"54afc14\" data-element_type=\"widget\" data-widget_type=\"image-gallery.default\">\n\t\t\t\t<div class=\"elementor-widget-container\">\n\t\t\t<style>\/*! elementor - v3.5.5 - 03-02-2022 *\/\n.elementor-image-gallery .gallery-item{display:inline-block;text-align:center;vertical-align:top;width:100%;max-width:100%;margin:0 auto}.elementor-image-gallery .gallery-item img{margin:0 auto}.elementor-image-gallery .gallery-item .gallery-caption{margin:0}.elementor-image-gallery figure img{display:block}.elementor-image-gallery figure figcaption{width:100%}.gallery-spacing-custom .elementor-image-gallery .gallery-icon{padding:0}@media (min-width:768px){.elementor-image-gallery .gallery-columns-2 .gallery-item{max-width:50%}.elementor-image-gallery .gallery-columns-3 .gallery-item{max-width:33.33%}.elementor-image-gallery .gallery-columns-4 .gallery-item{max-width:25%}.elementor-image-gallery .gallery-columns-5 .gallery-item{max-width:20%}.elementor-image-gallery .gallery-columns-6 .gallery-item{max-width:16.666%}.elementor-image-gallery .gallery-columns-7 .gallery-item{max-width:14.28%}.elementor-image-gallery .gallery-columns-8 .gallery-item{max-width:12.5%}.elementor-image-gallery .gallery-columns-9 .gallery-item{max-width:11.11%}.elementor-image-gallery .gallery-columns-10 .gallery-item{max-width:10%}}@media (min-width:480px) and (max-width:767px){.elementor-image-gallery .gallery.gallery-columns-2 .gallery-item,.elementor-image-gallery .gallery.gallery-columns-3 .gallery-item,.elementor-image-gallery .gallery.gallery-columns-4 .gallery-item,.elementor-image-gallery .gallery.gallery-columns-5 .gallery-item,.elementor-image-gallery .gallery.gallery-columns-6 .gallery-item,.elementor-image-gallery .gallery.gallery-columns-7 .gallery-item,.elementor-image-gallery .gallery.gallery-columns-8 .gallery-item,.elementor-image-gallery .gallery.gallery-columns-9 .gallery-item,.elementor-image-gallery .gallery.gallery-columns-10 .gallery-item{max-width:50%}}@media (max-width:479px){.elementor-image-gallery .gallery.gallery-columns-2 .gallery-item,.elementor-image-gallery .gallery.gallery-columns-3 .gallery-item,.elementor-image-gallery .gallery.gallery-columns-4 .gallery-item,.elementor-image-gallery .gallery.gallery-columns-5 .gallery-item,.elementor-image-gallery .gallery.gallery-columns-6 .gallery-item,.elementor-image-gallery .gallery.gallery-columns-7 .gallery-item,.elementor-image-gallery .gallery.gallery-columns-8 .gallery-item,.elementor-image-gallery .gallery.gallery-columns-9 .gallery-item,.elementor-image-gallery .gallery.gallery-columns-10 .gallery-item{max-width:100%}}<\/style>\t\t<div class=\"elementor-image-gallery\">\n\t\t\t\n\t\t<style type=\"text\/css\">\n\t\t\t#gallery-1 {\n\t\t\t\tmargin: auto;\n\t\t\t}\n\t\t\t#gallery-1 .gallery-item {\n\t\t\t\tfloat: left;\n\t\t\t\tmargin-top: 10px;\n\t\t\t\ttext-align: center;\n\t\t\t\twidth: 16%;\n\t\t\t}\n\t\t\t#gallery-1 img {\n\t\t\t\tborder: 2px solid #cfcfcf;\n\t\t\t}\n\t\t\t#gallery-1 .gallery-caption {\n\t\t\t\tmargin-left: 0;\n\t\t\t}\n\t\t\t\/* see gallery_shortcode() in wp-includes\/media.php *\/\n\t\t<\/style>\n\t\t<div id='gallery-1' class='gallery galleryid-299 gallery-columns-6 gallery-size-thumbnail'><dl class='gallery-item'>\n\t\t\t<dt class='gallery-icon landscape'>\n\t\t\t\t<img loading=\"lazy\" decoding=\"async\" width=\"150\" height=\"150\" src=\"https:\/\/ecm.com.tr\/wp-content\/uploads\/2022\/02\/bft-150x150.jpg\" class=\"attachment-thumbnail size-thumbnail\" alt=\"\" aria-describedby=\"gallery-1-1439\" srcset=\"https:\/\/ecm.com.tr\/wp-content\/uploads\/2022\/02\/bft-150x150.jpg 150w, https:\/\/ecm.com.tr\/wp-content\/uploads\/2022\/02\/bft.jpg 300w\" sizes=\"auto, (max-width: 150px) 100vw, 150px\" \/>\n\t\t\t<\/dt>\n\t\t\t\t<dd class='wp-caption-text gallery-caption' id='gallery-1-1439'>\n\t\t\t\tBFT\n\t\t\t\t<\/dd><\/dl><dl class='gallery-item'>\n\t\t\t<dt class='gallery-icon landscape'>\n\t\t\t\t<img loading=\"lazy\" decoding=\"async\" width=\"150\" height=\"150\" src=\"https:\/\/ecm.com.tr\/wp-content\/uploads\/2022\/02\/tekram-150x150.jpg\" class=\"attachment-thumbnail size-thumbnail\" alt=\"\" aria-describedby=\"gallery-1-1450\" srcset=\"https:\/\/ecm.com.tr\/wp-content\/uploads\/2022\/02\/tekram-150x150.jpg 150w, https:\/\/ecm.com.tr\/wp-content\/uploads\/2022\/02\/tekram.jpg 300w\" sizes=\"auto, (max-width: 150px) 100vw, 150px\" \/>\n\t\t\t<\/dt>\n\t\t\t\t<dd class='wp-caption-text gallery-caption' id='gallery-1-1450'>\n\t\t\t\tTEKRAM\n\t\t\t\t<\/dd><\/dl><dl class='gallery-item'>\n\t\t\t<dt class='gallery-icon landscape'>\n\t\t\t\t<img loading=\"lazy\" decoding=\"async\" width=\"150\" height=\"150\" src=\"https:\/\/ecm.com.tr\/wp-content\/uploads\/2022\/02\/techna-150x150.jpg\" class=\"attachment-thumbnail size-thumbnail\" alt=\"\" aria-describedby=\"gallery-1-1449\" srcset=\"https:\/\/ecm.com.tr\/wp-content\/uploads\/2022\/02\/techna-150x150.jpg 150w, https:\/\/ecm.com.tr\/wp-content\/uploads\/2022\/02\/techna.jpg 300w\" sizes=\"auto, (max-width: 150px) 100vw, 150px\" \/>\n\t\t\t<\/dt>\n\t\t\t\t<dd class='wp-caption-text gallery-caption' id='gallery-1-1449'>\n\t\t\t\tTECHNA\n\t\t\t\t<\/dd><\/dl><dl class='gallery-item'>\n\t\t\t<dt class='gallery-icon landscape'>\n\t\t\t\t<img loading=\"lazy\" decoding=\"async\" width=\"150\" height=\"150\" src=\"https:\/\/ecm.com.tr\/wp-content\/uploads\/2022\/02\/rollsis-150x150.jpg\" class=\"attachment-thumbnail size-thumbnail\" alt=\"\" aria-describedby=\"gallery-1-1447\" srcset=\"https:\/\/ecm.com.tr\/wp-content\/uploads\/2022\/02\/rollsis-150x150.jpg 150w, https:\/\/ecm.com.tr\/wp-content\/uploads\/2022\/02\/rollsis.jpg 300w\" sizes=\"auto, (max-width: 150px) 100vw, 150px\" \/>\n\t\t\t<\/dt>\n\t\t\t\t<dd class='wp-caption-text gallery-caption' id='gallery-1-1447'>\n\t\t\t\tROLLS\u0130S\n\t\t\t\t<\/dd><\/dl><dl class='gallery-item'>\n\t\t\t<dt class='gallery-icon landscape'>\n\t\t\t\t<img loading=\"lazy\" decoding=\"async\" width=\"150\" height=\"150\" src=\"https:\/\/ecm.com.tr\/wp-content\/uploads\/2022\/02\/somfy-150x150.jpg\" class=\"attachment-thumbnail size-thumbnail\" alt=\"\" aria-describedby=\"gallery-1-1448\" srcset=\"https:\/\/ecm.com.tr\/wp-content\/uploads\/2022\/02\/somfy-150x150.jpg 150w, https:\/\/ecm.com.tr\/wp-content\/uploads\/2022\/02\/somfy.jpg 300w\" sizes=\"auto, (max-width: 150px) 100vw, 150px\" \/>\n\t\t\t<\/dt>\n\t\t\t\t<dd class='wp-caption-text gallery-caption' id='gallery-1-1448'>\n\t\t\t\tSOMFY\n\t\t\t\t<\/dd><\/dl><dl class='gallery-item'>\n\t\t\t<dt class='gallery-icon landscape'>\n\t\t\t\t<img loading=\"lazy\" decoding=\"async\" width=\"150\" height=\"150\" src=\"https:\/\/ecm.com.tr\/wp-content\/uploads\/2022\/02\/novoferm-150x150.jpg\" class=\"attachment-thumbnail size-thumbnail\" alt=\"\" aria-describedby=\"gallery-1-1446\" srcset=\"https:\/\/ecm.com.tr\/wp-content\/uploads\/2022\/02\/novoferm-150x150.jpg 150w, https:\/\/ecm.com.tr\/wp-content\/uploads\/2022\/02\/novoferm.jpg 300w\" sizes=\"auto, (max-width: 150px) 100vw, 150px\" \/>\n\t\t\t<\/dt>\n\t\t\t\t<dd class='wp-caption-text gallery-caption' id='gallery-1-1446'>\n\t\t\t\tNOVOFERM\n\t\t\t\t<\/dd><\/dl><br style=\"clear: both\" \/><dl class='gallery-item'>\n\t\t\t<dt class='gallery-icon landscape'>\n\t\t\t\t<img loading=\"lazy\" decoding=\"async\" width=\"150\" height=\"150\" src=\"https:\/\/ecm.com.tr\/wp-content\/uploads\/2022\/02\/nice-150x150.jpg\" class=\"attachment-thumbnail size-thumbnail\" alt=\"\" aria-describedby=\"gallery-1-1445\" srcset=\"https:\/\/ecm.com.tr\/wp-content\/uploads\/2022\/02\/nice-150x150.jpg 150w, https:\/\/ecm.com.tr\/wp-content\/uploads\/2022\/02\/nice.jpg 300w\" sizes=\"auto, (max-width: 150px) 100vw, 150px\" \/>\n\t\t\t<\/dt>\n\t\t\t\t<dd class='wp-caption-text gallery-caption' id='gallery-1-1445'>\n\t\t\t\tNiCE\n\t\t\t\t<\/dd><\/dl><dl class='gallery-item'>\n\t\t\t<dt class='gallery-icon landscape'>\n\t\t\t\t<img loading=\"lazy\" decoding=\"async\" width=\"150\" height=\"150\" src=\"https:\/\/ecm.com.tr\/wp-content\/uploads\/2022\/02\/hormann-150x150.jpg\" class=\"attachment-thumbnail size-thumbnail\" alt=\"\" aria-describedby=\"gallery-1-1443\" srcset=\"https:\/\/ecm.com.tr\/wp-content\/uploads\/2022\/02\/hormann-150x150.jpg 150w, https:\/\/ecm.com.tr\/wp-content\/uploads\/2022\/02\/hormann.jpg 300w\" sizes=\"auto, (max-width: 150px) 100vw, 150px\" \/>\n\t\t\t<\/dt>\n\t\t\t\t<dd class='wp-caption-text gallery-caption' id='gallery-1-1443'>\n\t\t\t\tH\u00d6RMANN\n\t\t\t\t<\/dd><\/dl><dl class='gallery-item'>\n\t\t\t<dt class='gallery-icon landscape'>\n\t\t\t\t<img loading=\"lazy\" decoding=\"async\" width=\"150\" height=\"150\" src=\"https:\/\/ecm.com.tr\/wp-content\/uploads\/2022\/02\/isodoor-150x150.jpg\" class=\"attachment-thumbnail size-thumbnail\" alt=\"\" aria-describedby=\"gallery-1-1444\" srcset=\"https:\/\/ecm.com.tr\/wp-content\/uploads\/2022\/02\/isodoor-150x150.jpg 150w, https:\/\/ecm.com.tr\/wp-content\/uploads\/2022\/02\/isodoor.jpg 300w\" sizes=\"auto, (max-width: 150px) 100vw, 150px\" \/>\n\t\t\t<\/dt>\n\t\t\t\t<dd class='wp-caption-text gallery-caption' id='gallery-1-1444'>\n\t\t\t\tiSODOOR\n\t\t\t\t<\/dd><\/dl><dl class='gallery-item'>\n\t\t\t<dt class='gallery-icon landscape'>\n\t\t\t\t<img loading=\"lazy\" decoding=\"async\" width=\"150\" height=\"150\" src=\"https:\/\/ecm.com.tr\/wp-content\/uploads\/2022\/02\/gfa-150x150.jpg\" class=\"attachment-thumbnail size-thumbnail\" alt=\"\" aria-describedby=\"gallery-1-1442\" srcset=\"https:\/\/ecm.com.tr\/wp-content\/uploads\/2022\/02\/gfa-150x150.jpg 150w, https:\/\/ecm.com.tr\/wp-content\/uploads\/2022\/02\/gfa.jpg 300w\" sizes=\"auto, (max-width: 150px) 100vw, 150px\" \/>\n\t\t\t<\/dt>\n\t\t\t\t<dd class='wp-caption-text gallery-caption' id='gallery-1-1442'>\n\t\t\t\tGFA\n\t\t\t\t<\/dd><\/dl><dl class='gallery-item'>\n\t\t\t<dt class='gallery-icon landscape'>\n\t\t\t\t<img loading=\"lazy\" decoding=\"async\" width=\"150\" height=\"150\" src=\"https:\/\/ecm.com.tr\/wp-content\/uploads\/2022\/02\/fgi-150x150.jpg\" class=\"attachment-thumbnail size-thumbnail\" alt=\"\" aria-describedby=\"gallery-1-1441\" srcset=\"https:\/\/ecm.com.tr\/wp-content\/uploads\/2022\/02\/fgi-150x150.jpg 150w, https:\/\/ecm.com.tr\/wp-content\/uploads\/2022\/02\/fgi.jpg 300w\" sizes=\"auto, (max-width: 150px) 100vw, 150px\" \/>\n\t\t\t<\/dt>\n\t\t\t\t<dd class='wp-caption-text gallery-caption' id='gallery-1-1441'>\n\t\t\t\tFGi\n\t\t\t\t<\/dd><\/dl><dl class='gallery-item'>\n\t\t\t<dt class='gallery-icon landscape'>\n\t\t\t\t<img loading=\"lazy\" decoding=\"async\" width=\"150\" height=\"150\" src=\"https:\/\/ecm.com.tr\/wp-content\/uploads\/2022\/02\/ers-system-150x150.jpg\" class=\"attachment-thumbnail size-thumbnail\" alt=\"\" aria-describedby=\"gallery-1-1440\" srcset=\"https:\/\/ecm.com.tr\/wp-content\/uploads\/2022\/02\/ers-system-150x150.jpg 150w, https:\/\/ecm.com.tr\/wp-content\/uploads\/2022\/02\/ers-system.jpg 300w\" sizes=\"auto, (max-width: 150px) 100vw, 150px\" \/>\n\t\t\t<\/dt>\n\t\t\t\t<dd class='wp-caption-text gallery-caption' id='gallery-1-1440'>\n\t\t\t\tERS SYSTEM\n\t\t\t\t<\/dd><\/dl><br style=\"clear: both\" \/>\n\t\t<\/div>\n\t\t<\/div>\n\t\t\t\t<\/div>\n\t\t\t\t<\/div>\n\t\t\t\t\t<\/div>\n\t\t<\/div>\n\t\t\t\t\t\t\t<\/div>\n\t\t<\/section>\n\t\t\t\t\t\t<\/div>\n\t\t\t\t\t<\/div>\n\t\t","protected":false},"excerpt":{"rendered":"<p>V\u0130ZYONUMUZ Faaliyet g\u00f6sterdi\u011fimiz sekt\u00f6rlerde, uluslararas\u0131 kalite standartlar\u0131nda \u00fcr\u00fcn ve hizmetleri ile m\u00fc\u015fteri odakl\u0131l\u0131\u011f\u0131n\u0131 daima \u00fcst seviyede tutarak;\u00a0sayg\u0131n, g\u00fcvenilir ve tercih edilen marka olma \u00f6zelli\u011fini art\u0131rarak s\u00fcrd\u00fcrmek. Ulusal \u00f6l\u00e7ekte kazand\u0131\u011f\u0131 ba\u015far\u0131lar\u0131 uluslararas\u0131 arenaya da\u00a0ta\u015f\u0131mak ve hizmet verdi\u011fi i\u015f alanlar\u0131n\u0131n \u00f6nde gelen isimlerinden olmak. M\u0130SYONUMUZ M\u00fc\u015fterilerine do\u011fru alanda do\u011fru projeler geli\u015ftirerek, kalite politikas\u0131n\u0131n d\u0131\u015f\u0131na \u00e7\u0131kmadan hem kullan\u0131\u015fl\u0131 [&hellip;]<\/p>\n","protected":false},"author":1,"featured_media":0,"parent":0,"menu_order":0,"comment_status":"closed","ping_status":"closed","template":"page-fullwidth.php","meta":{"footnotes":""},"class_list":["post-299","page","type-page","status-publish","hentry"],"_links":{"self":[{"href":"https:\/\/ecm.com.tr\/index.php\/wp-json\/wp\/v2\/pages\/299","targetHints":{"allow":["GET"]}}],"collection":[{"href":"https:\/\/ecm.com.tr\/index.php\/wp-json\/wp\/v2\/pages"}],"about":[{"href":"https:\/\/ecm.com.tr\/index.php\/wp-json\/wp\/v2\/types\/page"}],"author":[{"embeddable":true,"href":"https:\/\/ecm.com.tr\/index.php\/wp-json\/wp\/v2\/users\/1"}],"replies":[{"embeddable":true,"href":"https:\/\/ecm.com.tr\/index.php\/wp-json\/wp\/v2\/comments?post=299"}],"version-history":[{"count":31,"href":"https:\/\/ecm.com.tr\/index.php\/wp-json\/wp\/v2\/pages\/299\/revisions"}],"predecessor-version":[{"id":1472,"href":"https:\/\/ecm.com.tr\/index.php\/wp-json\/wp\/v2\/pages\/299\/revisions\/1472"}],"wp:attachment":[{"href":"https:\/\/ecm.com.tr\/index.php\/wp-json\/wp\/v2\/media?parent=299"}],"curies":[{"name":"wp","href":"https:\/\/api.w.org\/{rel}","templated":true}]}}